{"id":2226,"date":"2022-05-06T17:40:33","date_gmt":"2022-05-06T17:40:33","guid":{"rendered":"https:\/\/phytocode.eu\/product\/all-in-one-%d0%b1%d0%b0%d0%bb%d1%81%d0%b0%d0%bc-%d0%b7%d0%b0-%d0%bb%d0%b8%d1%86%d0%b5\/"},"modified":"2025-04-07T18:08:59","modified_gmt":"2025-04-07T18:08:59","slug":"all-in-one-%d0%b1%d0%b0%d0%bb%d1%81%d0%b0%d0%bc-%d0%b7%d0%b0-%d0%bb%d0%b8%d1%86%d0%b5","status":"publish","type":"product","link":"https:\/\/phytocode.es\/es\/producto\/all-in-one-%d0%b1%d0%b0%d0%bb%d1%81%d0%b0%d0%bc-%d0%b7%d0%b0-%d0%bb%d0%b8%d1%86%d0%b5\/","title":{"rendered":"ALL IN ONE B\u00e1lsamo facial"},"content":{"rendered":"<p>100ml. \u212e 3.38 fl.oz<\/p>\n<p><strong>ALL IN ONE B\u00e1lsamo facial<\/strong><\/p>\n<p class=\"\" data-start=\"0\" data-end=\"99\">B\u00e1lsamo multifuncional para hombres, especialmente dise\u00f1ado para el rostro y la zona de la barba.<\/p>\n<p class=\"\" data-start=\"101\" data-end=\"311\">Puede aplicarse en todo el rostro, incluida la zona del contorno de ojos. Hidrata en profundidad, matifica, calma las irritaciones, refresca la piel despu\u00e9s del afeitado y combate el envejecimiento prematuro.<\/p>\n<p class=\"\" data-start=\"313\" data-end=\"455\">Enriquecido con complejo de \u00e1cido hialur\u00f3nico, PDRN de salm\u00f3n, vitamina B3, prebi\u00f3ticos, mentol, pantenol y extracto de algas.<\/p>\n<p class=\"\" data-start=\"457\" data-end=\"573\"><strong data-start=\"457\" data-end=\"473\">Modo de uso:<\/strong> Aplique cada ma\u00f1ana y noche sobre el rostro y la zona de la barba con suaves movimientos de masaje.<\/p>\n","protected":false},"excerpt":{"rendered":"<div class=\"flex max-w-full flex-col flex-grow\">\n<div class=\"min-h-8 text-message relative flex w-full flex-col items-end gap-2 whitespace-normal break-words text-start [.text-message+&amp;]:mt-5\" dir=\"auto\" data-message-author-role=\"assistant\" data-message-id=\"e1ec506e-8e7a-4fa2-8e83-0f654a08fa88\" data-message-model-slug=\"gpt-4o\">\n<div class=\"flex w-full flex-col gap-1 empty:hidden first:pt-[3px]\">\n<div class=\"markdown prose w-full break-words dark:prose-invert dark\">\n<p class=\"\" data-start=\"0\" data-end=\"99\"><strong>B\u00e1lsamo multifuncional para hombres, especialmente dise\u00f1ado para el rostro y la zona de la barba.<\/strong><\/p>\n<ul data-start=\"101\" data-end=\"405\" data-is-last-node=\"\" data-is-only-node=\"\">\n<li class=\"\" data-start=\"101\" data-end=\"149\">\n<p class=\"\" data-start=\"103\" data-end=\"149\">Hidrata y calma la piel despu\u00e9s del afeitado<\/p>\n<\/li>\n<li class=\"\" data-start=\"150\" data-end=\"179\">\n<p class=\"\" data-start=\"152\" data-end=\"179\">Ligero efecto refrescante<\/p>\n<\/li>\n<li class=\"\" data-start=\"180\" data-end=\"223\">\n<p class=\"\" data-start=\"182\" data-end=\"223\">Regula la producci\u00f3n de sebo y matifica<\/p>\n<\/li>\n<li class=\"\" data-start=\"224\" data-end=\"278\">\n<p class=\"\" data-start=\"226\" data-end=\"278\">Previene la aparici\u00f3n temprana de l\u00edneas y arrugas<\/p>\n<\/li>\n<li class=\"\" data-start=\"279\" data-end=\"352\">\n<p class=\"\" data-start=\"281\" data-end=\"352\">Favorece el equilibrio del microbioma cut\u00e1neo para una piel saludable<\/p>\n<\/li>\n<li class=\"\" data-start=\"353\" data-end=\"405\">\n<p class=\"\" data-start=\"355\" data-end=\"405\">Adecuado para todo el rostro, el cuello y la barba<\/p>\n<\/li>\n<\/ul>\n<\/div>\n<\/div>\n<\/div>\n<\/div>\n<div class=\"flex justify-start\"><\/div>\n","protected":false},"featured_media":1869,"template":"","meta":{"om_disable_all_campaigns":false,"inline_featured_image":false,"_monsterinsights_skip_tracking":false,"_monsterinsights_sitenote_active":false,"_monsterinsights_sitenote_note":"","_monsterinsights_sitenote_category":0},"product_brand":[],"product_cat":[113,123,126],"product_tag":[],"class_list":{"0":"post-2226","1":"product","2":"type-product","3":"status-publish","4":"has-post-thumbnail","6":"product_cat-bestsellers-es","7":"product_cat-cuidado-antienvejecimiento-es","8":"product_cat-rostro-","10":"first","11":"instock","12":"shipping-taxable","13":"purchasable","14":"product-type-simple"},"aioseo_notices":[],"_links":{"self":[{"href":"https:\/\/phytocode.es\/es\/wp-json\/wp\/v2\/product\/2226","targetHints":{"allow":["GET"]}}],"collection":[{"href":"https:\/\/phytocode.es\/es\/wp-json\/wp\/v2\/product"}],"about":[{"href":"https:\/\/phytocode.es\/es\/wp-json\/wp\/v2\/types\/product"}],"wp:featuredmedia":[{"embeddable":true,"href":"https:\/\/phytocode.es\/es\/wp-json\/wp\/v2\/media\/1869"}],"wp:attachment":[{"href":"https:\/\/phytocode.es\/es\/wp-json\/wp\/v2\/media?parent=2226"}],"wp:term":[{"taxonomy":"product_brand","embeddable":true,"href":"https:\/\/phytocode.es\/es\/wp-json\/wp\/v2\/product_brand?post=2226"},{"taxonomy":"product_cat","embeddable":true,"href":"https:\/\/phytocode.es\/es\/wp-json\/wp\/v2\/product_cat?post=2226"},{"taxonomy":"product_tag","embeddable":true,"href":"https:\/\/phytocode.es\/es\/wp-json\/wp\/v2\/product_tag?post=2226"}],"curies":[{"name":"wp","href":"https:\/\/api.w.org\/{rel}","templated":true}]}}