{"id":2227,"date":"2022-05-06T17:41:29","date_gmt":"2022-05-06T17:41:29","guid":{"rendered":"https:\/\/phytocode.eu\/product\/%d0%b3%d0%b5%d0%bb-%d0%b7%d0%b0-%d0%b8%d0%bd%d1%82%d0%b8%d0%bc%d0%bd%d0%b0-%d1%85%d0%b8%d0%b3%d0%b8%d0%b5%d0%bd%d0%b0\/"},"modified":"2025-04-07T18:07:20","modified_gmt":"2025-04-07T18:07:20","slug":"%d0%b3%d0%b5%d0%bb-%d0%b7%d0%b0-%d0%b8%d0%bd%d1%82%d0%b8%d0%bc%d0%bd%d0%b0-%d1%85%d0%b8%d0%b3%d0%b8%d0%b5%d0%bd%d0%b0","status":"publish","type":"product","link":"https:\/\/phytocode.es\/es\/producto\/%d0%b3%d0%b5%d0%bb-%d0%b7%d0%b0-%d0%b8%d0%bd%d1%82%d0%b8%d0%bc%d0%bd%d0%b0-%d1%85%d0%b8%d0%b3%d0%b8%d0%b5%d0%bd%d0%b0\/","title":{"rendered":"Gel de higiene \u00edntima"},"content":{"rendered":"<p>100ml. \u212e 3.38 fl.oz<\/p>\n<p><strong>Gel de higiene \u00edntima<\/strong><\/p>\n<p class=\"\" data-start=\"65\" data-end=\"284\">Contiene lisado probi\u00f3tico de cepas seleccionadas de <em data-start=\"118\" data-end=\"144\">Lactobacillus bulgaricus<\/em> y <em data-start=\"147\" data-end=\"175\">Streptococcus thermophilus<\/em>, que ayudan a preservar la microflora natural. El \u00e1cido L-l\u00e1ctico mantiene el pH normal de la zona \u00edntima.<\/p>\n<p class=\"\" data-start=\"286\" data-end=\"402\"><strong data-start=\"286\" data-end=\"302\">Modo de uso:<\/strong> Haga espuma con un poco de agua y aplique. Enjuague abundantemente con agua. Solo para uso externo.<\/p>\n","protected":false},"excerpt":{"rendered":"<p class=\"\" data-start=\"0\" data-end=\"63\"><strong>Gel limpiador suave para la higiene diaria de la zona \u00edntima.<\/strong><\/p>\n<ul data-start=\"65\" data-end=\"236\" data-is-last-node=\"\" data-is-only-node=\"\">\n<li class=\"\" data-start=\"65\" data-end=\"111\">\n<p class=\"\" data-start=\"67\" data-end=\"111\">Limpia delicadamente sin causar irritaci\u00f3n<\/p>\n<\/li>\n<li class=\"\" data-start=\"112\" data-end=\"163\">\n<p class=\"\" data-start=\"114\" data-end=\"163\">Favorece el equilibrio de la microflora natural<\/p>\n<\/li>\n<li class=\"\" data-start=\"164\" data-end=\"204\">\n<p class=\"\" data-start=\"166\" data-end=\"204\">Mantiene el pH espec\u00edfico de la zona<\/p>\n<\/li>\n<li class=\"\" data-start=\"205\" data-end=\"236\">\n<p class=\"\" data-start=\"207\" data-end=\"236\">Proporciona frescura duradera<\/p>\n<\/li>\n<\/ul>\n","protected":false},"featured_media":1908,"template":"","meta":{"om_disable_all_campaigns":false,"inline_featured_image":false,"_monsterinsights_skip_tracking":false,"_monsterinsights_sitenote_active":false,"_monsterinsights_sitenote_note":"","_monsterinsights_sitenote_category":0},"product_brand":[],"product_cat":[113,117,127],"product_tag":[],"class_list":{"0":"post-2227","1":"product","2":"type-product","3":"status-publish","4":"has-post-thumbnail","6":"product_cat-bestsellers-es","7":"product_cat--es","8":"product_cat-limpieza","10":"first","11":"instock","12":"shipping-taxable","13":"purchasable","14":"product-type-simple"},"aioseo_notices":[],"_links":{"self":[{"href":"https:\/\/phytocode.es\/es\/wp-json\/wp\/v2\/product\/2227","targetHints":{"allow":["GET"]}}],"collection":[{"href":"https:\/\/phytocode.es\/es\/wp-json\/wp\/v2\/product"}],"about":[{"href":"https:\/\/phytocode.es\/es\/wp-json\/wp\/v2\/types\/product"}],"wp:featuredmedia":[{"embeddable":true,"href":"https:\/\/phytocode.es\/es\/wp-json\/wp\/v2\/media\/1908"}],"wp:attachment":[{"href":"https:\/\/phytocode.es\/es\/wp-json\/wp\/v2\/media?parent=2227"}],"wp:term":[{"taxonomy":"product_brand","embeddable":true,"href":"https:\/\/phytocode.es\/es\/wp-json\/wp\/v2\/product_brand?post=2227"},{"taxonomy":"product_cat","embeddable":true,"href":"https:\/\/phytocode.es\/es\/wp-json\/wp\/v2\/product_cat?post=2227"},{"taxonomy":"product_tag","embeddable":true,"href":"https:\/\/phytocode.es\/es\/wp-json\/wp\/v2\/product_tag?post=2227"}],"curies":[{"name":"wp","href":"https:\/\/api.w.org\/{rel}","templated":true}]}}