{"id":2228,"date":"2023-10-18T06:23:31","date_gmt":"2023-10-18T06:23:31","guid":{"rendered":"https:\/\/phytocode.eu\/product\/%d0%b8%d0%b7%d0%bc%d0%b8%d0%b2%d0%b0%d1%89-%d0%b3%d0%b5%d0%bb-%d0%b7%d0%b0-%d0%bb%d0%b8%d1%86%d0%b5\/"},"modified":"2025-04-07T17:28:57","modified_gmt":"2025-04-07T17:28:57","slug":"%d0%b8%d0%b7%d0%bc%d0%b8%d0%b2%d0%b0%d1%89-%d0%b3%d0%b5%d0%bb-%d0%b7%d0%b0-%d0%bb%d0%b8%d1%86%d0%b5","status":"publish","type":"product","link":"https:\/\/phytocode.es\/es\/producto\/%d0%b8%d0%b7%d0%bc%d0%b8%d0%b2%d0%b0%d1%89-%d0%b3%d0%b5%d0%bb-%d0%b7%d0%b0-%d0%bb%d0%b8%d1%86%d0%b5\/","title":{"rendered":"Gel limpiador facial"},"content":{"rendered":"<p><strong>100ml. \u212e 3.38 fl.oz<\/strong><\/p>\n<p><strong>Gel limpiador facial<\/strong><\/p>\n<p class=\"\" data-start=\"97\" data-end=\"303\">Restaura la pel\u00edcula hidrolip\u00eddica de la piel y apoya un microbioma saludable. Los fosfol\u00edpidos refuerzan la barrera cut\u00e1nea. El gel proporciona una sensaci\u00f3n de cuidado delicado sin tirantez ni sequedad.<\/p>\n<p class=\"\" data-start=\"305\" data-end=\"377\">Adecuado para todo tipo de piel, incluida la piel sensible. pH neutro.<\/p>\n<p class=\"\" data-start=\"379\" data-end=\"522\"><strong data-start=\"379\" data-end=\"395\">Modo de uso: <\/strong>Aplique sobre el rostro y el cuello h\u00famedos con movimientos de masaje, por la ma\u00f1ana y por la noche. Enjuague bien con agua.<\/p>\n","protected":false},"excerpt":{"rendered":"<p class=\"\" data-start=\"0\" data-end=\"72\"><strong>Adecuado para todo tipo de piel, incluida la piel sensible. pH neutro.<\/strong><\/p>\n<ul data-start=\"74\" data-end=\"259\" data-is-last-node=\"\" data-is-only-node=\"\">\n<li class=\"\" data-start=\"74\" data-end=\"136\">\n<p class=\"\" data-start=\"76\" data-end=\"136\">Limpia delicadamente sin sensaci\u00f3n de tirantez ni sequedad<\/p>\n<\/li>\n<li class=\"\" data-start=\"137\" data-end=\"168\">\n<p class=\"\" data-start=\"139\" data-end=\"168\">Refuerza la barrera cut\u00e1nea<\/p>\n<\/li>\n<li class=\"\" data-start=\"169\" data-end=\"180\">\n<p class=\"\" data-start=\"171\" data-end=\"180\">Hidrata<\/p>\n<\/li>\n<li class=\"\" data-start=\"181\" data-end=\"259\">\n<p class=\"\" data-start=\"183\" data-end=\"259\">Los probi\u00f3ticos y el prebi\u00f3tico ayudan a equilibrar el microbioma de la piel<\/p>\n<\/li>\n<\/ul>\n","protected":false},"featured_media":1858,"template":"","meta":{"om_disable_all_campaigns":false,"inline_featured_image":false,"_monsterinsights_skip_tracking":false,"_monsterinsights_sitenote_active":false,"_monsterinsights_sitenote_note":"","_monsterinsights_sitenote_category":0},"product_brand":[],"product_cat":[113,127,118,126],"product_tag":[],"class_list":{"0":"post-2228","1":"product","2":"type-product","3":"status-publish","4":"has-post-thumbnail","6":"product_cat-bestsellers-es","7":"product_cat-limpieza","8":"product_cat---es","9":"product_cat-rostro-","11":"first","12":"instock","13":"shipping-taxable","14":"purchasable","15":"product-type-simple"},"aioseo_notices":[],"_links":{"self":[{"href":"https:\/\/phytocode.es\/es\/wp-json\/wp\/v2\/product\/2228","targetHints":{"allow":["GET"]}}],"collection":[{"href":"https:\/\/phytocode.es\/es\/wp-json\/wp\/v2\/product"}],"about":[{"href":"https:\/\/phytocode.es\/es\/wp-json\/wp\/v2\/types\/product"}],"wp:featuredmedia":[{"embeddable":true,"href":"https:\/\/phytocode.es\/es\/wp-json\/wp\/v2\/media\/1858"}],"wp:attachment":[{"href":"https:\/\/phytocode.es\/es\/wp-json\/wp\/v2\/media?parent=2228"}],"wp:term":[{"taxonomy":"product_brand","embeddable":true,"href":"https:\/\/phytocode.es\/es\/wp-json\/wp\/v2\/product_brand?post=2228"},{"taxonomy":"product_cat","embeddable":true,"href":"https:\/\/phytocode.es\/es\/wp-json\/wp\/v2\/product_cat?post=2228"},{"taxonomy":"product_tag","embeddable":true,"href":"https:\/\/phytocode.es\/es\/wp-json\/wp\/v2\/product_tag?post=2228"}],"curies":[{"name":"wp","href":"https:\/\/api.w.org\/{rel}","templated":true}]}}