{"id":2229,"date":"2024-03-12T20:06:40","date_gmt":"2024-03-12T20:06:40","guid":{"rendered":"https:\/\/phytocode.eu\/product\/%d1%83%d1%81%d0%bf%d0%be%d0%ba%d0%be%d1%8f%d0%b2%d0%b0%d1%89-%d1%84%d0%bb%d1%83%d0%b8%d0%b4-%d0%b7%d0%b0-%d1%87%d1%83%d0%b2%d1%81%d1%82%d0%b2%d0%b8%d1%82%d0%b5%d0%bb%d0%bd%d0%b0-%d0%ba%d0%be%d0%b6\/"},"modified":"2025-04-07T17:25:32","modified_gmt":"2025-04-07T17:25:32","slug":"%d1%83%d1%81%d0%bf%d0%be%d0%ba%d0%be%d1%8f%d0%b2%d0%b0%d1%89-%d1%84%d0%bb%d1%83%d0%b8%d0%b4-%d0%b7%d0%b0-%d1%87%d1%83%d0%b2%d1%81%d1%82%d0%b2%d0%b8%d1%82%d0%b5%d0%bb%d0%bd%d0%b0-%d0%ba%d0%be%d0%b6","status":"publish","type":"product","link":"https:\/\/phytocode.es\/es\/producto\/%d1%83%d1%81%d0%bf%d0%be%d0%ba%d0%be%d1%8f%d0%b2%d0%b0%d1%89-%d1%84%d0%bb%d1%83%d0%b8%d0%b4-%d0%b7%d0%b0-%d1%87%d1%83%d0%b2%d1%81%d1%82%d0%b2%d0%b8%d1%82%d0%b5%d0%bb%d0%bd%d0%b0-%d0%ba%d0%be%d0%b6\/","title":{"rendered":"Fluido calmante para pieles sensibles"},"content":{"rendered":"<p><strong>100ml. \u212e 3.38 fl.oz<\/strong><\/p>\n<p><strong>Fluido calmante para pieles sensibles<\/strong><\/p>\n<p class=\"\" data-start=\"80\" data-end=\"366\">El extracto de microalgas verdes, combinado con la vitamina B3, calma, tonifica y unifica el tono de la piel. El aceite de babas\u00fa nutre, hidrata y suaviza, mientras que el \u00e1cido l\u00e1ctico equilibra el pH de la piel. Prepara la piel para una mejor absorci\u00f3n de los productos posteriores.<\/p>\n<p class=\"\" data-start=\"368\" data-end=\"449\">Adecuado para su uso en casos de ros\u00e1cea, en combinaci\u00f3n con la crema calmante.<\/p>\n<p data-start=\"368\" data-end=\"449\"><strong data-start=\"461\" data-end=\"479\">Sin fragancia.<\/strong><\/p>\n<p class=\"\" data-start=\"451\" data-end=\"635\"><strong data-start=\"451\" data-end=\"467\">Modo de uso:<\/strong> Aplique sobre el rostro y el cuello previamente limpios, por la ma\u00f1ana y por la noche. Puede utilizarse como esencia despu\u00e9s del t\u00f3nico o como un t\u00f3nico independiente.<\/p>\n<p>&nbsp;<\/p>\n","protected":false},"excerpt":{"rendered":"<p class=\"\" data-start=\"0\" data-end=\"78\"><strong>Fluido hidratante transparente para piel sensible y propensa a irritaciones.<\/strong><\/p>\n<ul data-start=\"80\" data-end=\"198\" data-is-last-node=\"\" data-is-only-node=\"\">\n<li class=\"\" data-start=\"80\" data-end=\"120\">\n<p class=\"\" data-start=\"82\" data-end=\"120\">Calma irritaciones y enrojecimientos<\/p>\n<\/li>\n<li class=\"\" data-start=\"121\" data-end=\"159\">\n<p class=\"\" data-start=\"123\" data-end=\"159\">Acelera la regeneraci\u00f3n de la piel<\/p>\n<\/li>\n<li class=\"\" data-start=\"160\" data-end=\"180\">\n<p class=\"\" data-start=\"162\" data-end=\"180\">Reduce los poros<\/p>\n<\/li>\n<li class=\"\" data-start=\"181\" data-end=\"198\">\n<p class=\"\" data-start=\"183\" data-end=\"198\">Alisa e hidrata<\/p>\n<\/li>\n<\/ul>\n","protected":false},"featured_media":1808,"template":"","meta":{"om_disable_all_campaigns":false,"inline_featured_image":false,"_monsterinsights_skip_tracking":false,"_monsterinsights_sitenote_active":false,"_monsterinsights_sitenote_note":"","_monsterinsights_sitenote_category":0},"product_brand":[],"product_cat":[118,120,126,121],"product_tag":[],"class_list":{"0":"post-2229","1":"product","2":"type-product","3":"status-publish","4":"has-post-thumbnail","6":"product_cat---es","7":"product_cat--es","8":"product_cat-rostro-","11":"first","12":"instock","13":"shipping-taxable","14":"purchasable","15":"product-type-simple"},"aioseo_notices":[],"_links":{"self":[{"href":"https:\/\/phytocode.es\/es\/wp-json\/wp\/v2\/product\/2229","targetHints":{"allow":["GET"]}}],"collection":[{"href":"https:\/\/phytocode.es\/es\/wp-json\/wp\/v2\/product"}],"about":[{"href":"https:\/\/phytocode.es\/es\/wp-json\/wp\/v2\/types\/product"}],"wp:featuredmedia":[{"embeddable":true,"href":"https:\/\/phytocode.es\/es\/wp-json\/wp\/v2\/media\/1808"}],"wp:attachment":[{"href":"https:\/\/phytocode.es\/es\/wp-json\/wp\/v2\/media?parent=2229"}],"wp:term":[{"taxonomy":"product_brand","embeddable":true,"href":"https:\/\/phytocode.es\/es\/wp-json\/wp\/v2\/product_brand?post=2229"},{"taxonomy":"product_cat","embeddable":true,"href":"https:\/\/phytocode.es\/es\/wp-json\/wp\/v2\/product_cat?post=2229"},{"taxonomy":"product_tag","embeddable":true,"href":"https:\/\/phytocode.es\/es\/wp-json\/wp\/v2\/product_tag?post=2229"}],"curies":[{"name":"wp","href":"https:\/\/api.w.org\/{rel}","templated":true}]}}