{"id":2230,"date":"2022-05-04T14:09:56","date_gmt":"2022-05-04T14:09:56","guid":{"rendered":"https:\/\/phytocode.eu\/product\/%d0%b5%d0%bd%d0%b5%d1%80%d0%b3%d0%b8%d0%b7%d0%b8%d1%80%d0%b0%d1%89-%d0%b2%d1%8a%d0%b7%d1%81%d1%82%d0%b0%d0%bd%d0%be%d0%b2%d1%8f%d0%b2%d0%b0%d1%89-%d0%ba%d1%80%d0%b5%d0%bc\/"},"modified":"2025-04-07T18:16:42","modified_gmt":"2025-04-07T18:16:42","slug":"%d0%b5%d0%bd%d0%b5%d1%80%d0%b3%d0%b8%d0%b7%d0%b8%d1%80%d0%b0%d1%89-%d0%b2%d1%8a%d0%b7%d1%81%d1%82%d0%b0%d0%bd%d0%be%d0%b2%d1%8f%d0%b2%d0%b0%d1%89-%d0%ba%d1%80%d0%b5%d0%bc","status":"publish","type":"product","link":"https:\/\/phytocode.es\/es\/producto\/%d0%b5%d0%bd%d0%b5%d1%80%d0%b3%d0%b8%d0%b7%d0%b8%d1%80%d0%b0%d1%89-%d0%b2%d1%8a%d0%b7%d1%81%d1%82%d0%b0%d0%bd%d0%be%d0%b2%d1%8f%d0%b2%d0%b0%d1%89-%d0%ba%d1%80%d0%b5%d0%bc\/","title":{"rendered":"Crema Energizante Restauradora"},"content":{"rendered":"<p><strong>30ml. \u212e 1.0 fl.oz<\/strong><\/p>\n<p><strong>Crema Energizante Restauradora<\/strong><\/p>\n<p class=\"\" data-start=\"0\" data-end=\"744\">Crema energizante para rostro y cuello con signos de envejecimiento. Hidrata, reduce los signos de fatiga y restaura un tono fresco y radiante. Los p\u00e9ptidos, la niacinamida y el PDRN alisan las arrugas, rellenan la piel y redefinen el contorno facial. El complejo de \u00e1cido hialur\u00f3nico, junto con la ecto\u00edna, la fitosfingosina y los fosfol\u00edpidos, aportan y retienen de manera duradera la hidrataci\u00f3n en la piel, fortalecen la barrera cut\u00e1nea y la protegen de los efectos nocivos de los factores externos. La crema ofrece una protecci\u00f3n eficaz contra la contaminaci\u00f3n urbana y el estr\u00e9s oxidativo. Los probi\u00f3ticos y prebi\u00f3ticos en su f\u00f3rmula favorecen el equilibrio del microbioma cut\u00e1neo, dejando la piel visiblemente m\u00e1s saludable y luminosa.<\/p>\n<p class=\"\" data-start=\"746\" data-end=\"868\"><strong data-start=\"746\" data-end=\"762\">Modo de uso:<\/strong> Aplicar sobre el rostro y el cuello con movimientos de masaje por la ma\u00f1ana y\/o por la noche. Uso diario.<\/p>\n","protected":false},"excerpt":{"rendered":"<div class=\"flex max-w-full flex-col flex-grow\">\n<div class=\"min-h-8 text-message relative flex w-full flex-col items-end gap-2 whitespace-normal break-words text-start [.text-message+&amp;]:mt-5\" dir=\"auto\" data-message-author-role=\"assistant\" data-message-id=\"f4ea75a1-3dbc-4951-bc47-e797ef5921ce\" data-message-model-slug=\"gpt-4o\">\n<div class=\"flex w-full flex-col gap-1 empty:hidden first:pt-[3px]\">\n<div class=\"markdown prose w-full break-words dark:prose-invert dark\">\n<p class=\"\" data-start=\"0\" data-end=\"85\"><strong>Crema energizante y restauradora para rostro y cuello con signos de envejecimiento<\/strong>.<\/p>\n<ul data-start=\"87\" data-end=\"447\" data-is-last-node=\"\" data-is-only-node=\"\">\n<li class=\"\" data-start=\"87\" data-end=\"135\">\n<p class=\"\" data-start=\"89\" data-end=\"135\">Proporciona hidrataci\u00f3n inmediata y duradera<\/p>\n<\/li>\n<li class=\"\" data-start=\"136\" data-end=\"178\">\n<p class=\"\" data-start=\"138\" data-end=\"178\">Restaura y mantiene la barrera cut\u00e1nea<\/p>\n<\/li>\n<li class=\"\" data-start=\"179\" data-end=\"237\">\n<p class=\"\" data-start=\"181\" data-end=\"237\">Protege de los factores ambientales y la contaminaci\u00f3n<\/p>\n<\/li>\n<li class=\"\" data-start=\"238\" data-end=\"269\">\n<p class=\"\" data-start=\"240\" data-end=\"269\">Energiza y tonifica la piel<\/p>\n<\/li>\n<li class=\"\" data-start=\"270\" data-end=\"308\">\n<p class=\"\" data-start=\"272\" data-end=\"308\">Devuelve un tono fresco y radiante<\/p>\n<\/li>\n<li class=\"\" data-start=\"309\" data-end=\"348\">\n<p class=\"\" data-start=\"311\" data-end=\"348\">Alisa l\u00edneas de expresi\u00f3n y arrugas<\/p>\n<\/li>\n<li class=\"\" data-start=\"349\" data-end=\"399\">\n<p class=\"\" data-start=\"351\" data-end=\"399\">Estimula los procesos de renovaci\u00f3n de la piel<\/p>\n<\/li>\n<li class=\"\" data-start=\"400\" data-end=\"447\">\n<p class=\"\" data-start=\"402\" data-end=\"447\">Favorece el equilibrio del microbioma cut\u00e1neo<\/p>\n<\/li>\n<\/ul>\n<\/div>\n<\/div>\n<\/div>\n<\/div>\n<div class=\"flex justify-start\"><\/div>\n","protected":false},"featured_media":1839,"template":"","meta":{"om_disable_all_campaigns":false,"inline_featured_image":false,"_monsterinsights_skip_tracking":false,"_monsterinsights_sitenote_active":false,"_monsterinsights_sitenote_note":"","_monsterinsights_sitenote_category":0},"product_brand":[],"product_cat":[113,125,123,126],"product_tag":[],"class_list":{"0":"post-2230","1":"product","2":"type-product","3":"status-publish","4":"has-post-thumbnail","6":"product_cat-bestsellers-es","7":"product_cat-crema-facial-es","8":"product_cat-cuidado-antienvejecimiento-es","9":"product_cat-rostro-","11":"first","12":"instock","13":"shipping-taxable","14":"purchasable","15":"product-type-simple"},"aioseo_notices":[],"_links":{"self":[{"href":"https:\/\/phytocode.es\/es\/wp-json\/wp\/v2\/product\/2230","targetHints":{"allow":["GET"]}}],"collection":[{"href":"https:\/\/phytocode.es\/es\/wp-json\/wp\/v2\/product"}],"about":[{"href":"https:\/\/phytocode.es\/es\/wp-json\/wp\/v2\/types\/product"}],"wp:featuredmedia":[{"embeddable":true,"href":"https:\/\/phytocode.es\/es\/wp-json\/wp\/v2\/media\/1839"}],"wp:attachment":[{"href":"https:\/\/phytocode.es\/es\/wp-json\/wp\/v2\/media?parent=2230"}],"wp:term":[{"taxonomy":"product_brand","embeddable":true,"href":"https:\/\/phytocode.es\/es\/wp-json\/wp\/v2\/product_brand?post=2230"},{"taxonomy":"product_cat","embeddable":true,"href":"https:\/\/phytocode.es\/es\/wp-json\/wp\/v2\/product_cat?post=2230"},{"taxonomy":"product_tag","embeddable":true,"href":"https:\/\/phytocode.es\/es\/wp-json\/wp\/v2\/product_tag?post=2230"}],"curies":[{"name":"wp","href":"https:\/\/api.w.org\/{rel}","templated":true}]}}