{"id":2231,"date":"2022-05-06T17:39:29","date_gmt":"2022-05-06T17:39:29","guid":{"rendered":"https:\/\/phytocode.eu\/product\/%d0%be%d0%b2%d0%bb%d0%b0%d0%b6%d0%bd%d1%8f%d0%b2%d0%b0%d1%89-%d0%ba%d1%80%d0%b5%d0%bc-%d0%b7%d0%b0-%d0%bb%d0%b8%d1%86%d0%b5\/"},"modified":"2026-01-31T03:45:46","modified_gmt":"2026-01-31T03:45:46","slug":"%d0%be%d0%b2%d0%bb%d0%b0%d0%b6%d0%bd%d1%8f%d0%b2%d0%b0%d1%89-%d0%ba%d1%80%d0%b5%d0%bc-%d0%b7%d0%b0-%d0%bb%d0%b8%d1%86%d0%b5","status":"publish","type":"product","link":"https:\/\/phytocode.es\/es\/producto\/%d0%be%d0%b2%d0%bb%d0%b0%d0%b6%d0%bd%d1%8f%d0%b2%d0%b0%d1%89-%d0%ba%d1%80%d0%b5%d0%bc-%d0%b7%d0%b0-%d0%bb%d0%b8%d1%86%d0%b5\/","title":{"rendered":"Crema hidratante facial"},"content":{"rendered":"<p><strong>30ml. \u212e 1.0 fl.oz<\/strong><\/p>\n<p><strong>Crema hidratante facial<\/strong><\/p>\n<p class=\"\" data-start=\"0\" data-end=\"44\">Cuidado diario para el rostro y el cuello.<\/p>\n<p class=\"\" data-start=\"46\" data-end=\"410\">Hidrata, reduce la pigmentaci\u00f3n no deseada y unifica el tono de la piel. Protege la piel de los factores externos, el estr\u00e9s oxidativo y los signos de envejecimiento prematuro. Restaura y mantiene la funci\u00f3n de barrera natural. Tiene un efecto regulador del sebo, reduce los poros y aporta un brillo sutil al rostro. Para una piel fresca y radiante d\u00eda tras d\u00eda.<\/p>\n<p class=\"\" data-start=\"412\" data-end=\"503\"><strong data-start=\"412\" data-end=\"428\">Modo de uso:<\/strong> Aplique sobre el rostro y el cuello con movimientos de masaje. Uso diario.<\/p>\n","protected":false},"excerpt":{"rendered":"<p class=\"\" data-start=\"0\" data-end=\"44\"><strong>Cuidado diario para el rostro y el cuello<\/strong>.<\/p>\n<ul data-start=\"46\" data-end=\"323\" data-is-last-node=\"\" data-is-only-node=\"\">\n<li class=\"\" data-start=\"46\" data-end=\"103\">\n<p class=\"\" data-start=\"48\" data-end=\"103\">Hidrata y alisa la piel de forma inmediata y duradera<\/p>\n<\/li>\n<li class=\"\" data-start=\"104\" data-end=\"146\">\n<p class=\"\" data-start=\"106\" data-end=\"146\">Restaura y mantiene la barrera cut\u00e1nea<\/p>\n<\/li>\n<li class=\"\" data-start=\"147\" data-end=\"181\">\n<p class=\"\" data-start=\"149\" data-end=\"181\">Equilibra la secreci\u00f3n de sebo<\/p>\n<\/li>\n<li class=\"\" data-start=\"182\" data-end=\"201\">\n<p class=\"\" data-start=\"184\" data-end=\"201\">Nutre e ilumina<\/p>\n<\/li>\n<li class=\"\" data-start=\"202\" data-end=\"274\">\n<p class=\"\" data-start=\"204\" data-end=\"274\">Corrige alteraciones en la pigmentaci\u00f3n y unifica el tono de la piel<\/p>\n<\/li>\n<li class=\"\" data-start=\"275\" data-end=\"323\">\n<p class=\"\" data-start=\"277\" data-end=\"323\">Retrasa la aparici\u00f3n de arrugas y l\u00edneas finas<\/p>\n<\/li>\n<\/ul>\n","protected":false},"featured_media":1849,"template":"","meta":{"om_disable_all_campaigns":false,"inline_featured_image":false,"_monsterinsights_skip_tracking":false,"_monsterinsights_sitenote_active":false,"_monsterinsights_sitenote_note":"","_monsterinsights_sitenote_category":0},"product_brand":[],"product_cat":[125,126],"product_tag":[],"class_list":{"0":"post-2231","1":"product","2":"type-product","3":"status-publish","4":"has-post-thumbnail","6":"product_cat-crema-facial-es","7":"product_cat-rostro-","9":"first","10":"instock","11":"shipping-taxable","12":"purchasable","13":"product-type-simple"},"aioseo_notices":[],"_links":{"self":[{"href":"https:\/\/phytocode.es\/es\/wp-json\/wp\/v2\/product\/2231","targetHints":{"allow":["GET"]}}],"collection":[{"href":"https:\/\/phytocode.es\/es\/wp-json\/wp\/v2\/product"}],"about":[{"href":"https:\/\/phytocode.es\/es\/wp-json\/wp\/v2\/types\/product"}],"wp:featuredmedia":[{"embeddable":true,"href":"https:\/\/phytocode.es\/es\/wp-json\/wp\/v2\/media\/1849"}],"wp:attachment":[{"href":"https:\/\/phytocode.es\/es\/wp-json\/wp\/v2\/media?parent=2231"}],"wp:term":[{"taxonomy":"product_brand","embeddable":true,"href":"https:\/\/phytocode.es\/es\/wp-json\/wp\/v2\/product_brand?post=2231"},{"taxonomy":"product_cat","embeddable":true,"href":"https:\/\/phytocode.es\/es\/wp-json\/wp\/v2\/product_cat?post=2231"},{"taxonomy":"product_tag","embeddable":true,"href":"https:\/\/phytocode.es\/es\/wp-json\/wp\/v2\/product_tag?post=2231"}],"curies":[{"name":"wp","href":"https:\/\/api.w.org\/{rel}","templated":true}]}}