{"id":2232,"date":"2022-05-04T14:24:53","date_gmt":"2022-05-04T14:24:53","guid":{"rendered":"https:\/\/phytocode.eu\/product\/%d0%be%d0%ba%d0%be%d0%bb%d0%be%d0%be%d1%87%d0%b5%d0%bd-%d0%b3%d0%b5%d0%bb\/"},"modified":"2025-04-07T18:14:32","modified_gmt":"2025-04-07T18:14:32","slug":"%d0%be%d0%ba%d0%be%d0%bb%d0%be%d0%be%d1%87%d0%b5%d0%bd-%d0%b3%d0%b5%d0%bb","status":"publish","type":"product","link":"https:\/\/phytocode.es\/es\/producto\/%d0%be%d0%ba%d0%be%d0%bb%d0%be%d0%be%d1%87%d0%b5%d0%bd-%d0%b3%d0%b5%d0%bb\/","title":{"rendered":"Gel para ojos"},"content":{"rendered":"<p><strong>15ml. \u212e 0.5 fl.oz<\/strong><\/p>\n<p><strong>Gel para ojos<\/strong><\/p>\n<p class=\"\" data-start=\"0\" data-end=\"286\">La zona alrededor de los ojos es una de las primeras en mostrar signos de envejecimiento. La fatiga tambi\u00e9n es m\u00e1s visible all\u00ed. La raz\u00f3n es la menor densidad y resistencia, as\u00ed como la mayor vulnerabilidad de la piel alrededor de los ojos. Por eso, requiere un cuidado especializado.<\/p>\n<p class=\"\" data-start=\"288\" data-end=\"717\">El gel para los ojos de Phytocode tiene una f\u00f3rmula de alta eficacia contra las arrugas, la hinchaz\u00f3n y las ojeras, la flacidez de los p\u00e1rpados y el aspecto cansado. Hidrata, refresca ligeramente y reafirma para lograr un aspecto m\u00e1s fresco de inmediato. A largo plazo, estimula la renovaci\u00f3n de los tejidos, alisa las l\u00edneas finas y arrugas, reafirma el contorno de los ojos, ilumina las ojeras y reduce la hinchaz\u00f3n matutina.<\/p>\n<p class=\"\" data-start=\"719\" data-end=\"832\"><strong data-start=\"719\" data-end=\"735\">Modo de uso:<\/strong> Aplique por la ma\u00f1ana y por la noche en la zona del contorno de los ojos con movimientos suaves.<\/p>\n","protected":false},"excerpt":{"rendered":"<p class=\"\" data-start=\"0\" data-end=\"97\"><strong>Gel ligero y fluido contra las arrugas, la hinchaz\u00f3n y las ojeras. Nutre, protege y revitaliza<\/strong>.<\/p>\n<ul data-start=\"99\" data-end=\"432\" data-is-last-node=\"\" data-is-only-node=\"\">\n<li class=\"\" data-start=\"99\" data-end=\"133\">\n<p class=\"\" data-start=\"101\" data-end=\"133\">Hidrata y refresca al instante<\/p>\n<\/li>\n<li class=\"\" data-start=\"134\" data-end=\"166\">\n<p class=\"\" data-start=\"136\" data-end=\"166\">Elimina los signos de fatiga<\/p>\n<\/li>\n<li class=\"\" data-start=\"167\" data-end=\"217\">\n<p class=\"\" data-start=\"169\" data-end=\"217\">Reduce la hinchaz\u00f3n y las bolsas bajo los ojos<\/p>\n<\/li>\n<li class=\"\" data-start=\"218\" data-end=\"244\">\n<p class=\"\" data-start=\"220\" data-end=\"244\">Alisa las l\u00edneas finas<\/p>\n<\/li>\n<li class=\"\" data-start=\"245\" data-end=\"317\">\n<p class=\"\" data-start=\"247\" data-end=\"317\">Disminuye las arrugas en los \u00e1ngulos internos y externos de los ojos<\/p>\n<\/li>\n<li class=\"\" data-start=\"318\" data-end=\"340\">\n<p class=\"\" data-start=\"320\" data-end=\"340\">Ilumina las ojeras<\/p>\n<\/li>\n<li class=\"\" data-start=\"341\" data-end=\"397\">\n<p class=\"\" data-start=\"343\" data-end=\"397\">Nutre profundamente y protege la piel de la sequedad<\/p>\n<\/li>\n<li class=\"\" data-start=\"398\" data-end=\"432\">\n<p class=\"\" data-start=\"400\" data-end=\"432\">Reafirma el contorno de los ojos<\/p>\n<\/li>\n<\/ul>\n","protected":false},"featured_media":1826,"template":"","meta":{"om_disable_all_campaigns":false,"inline_featured_image":false,"_monsterinsights_skip_tracking":false,"_monsterinsights_sitenote_active":false,"_monsterinsights_sitenote_note":"","_monsterinsights_sitenote_category":0},"product_brand":[],"product_cat":[113,123,124,126],"product_tag":[],"class_list":{"0":"post-2232","1":"product","2":"type-product","3":"status-publish","4":"has-post-thumbnail","6":"product_cat-bestsellers-es","7":"product_cat-cuidado-antienvejecimiento-es","8":"product_cat-cuidado-de-los-ojos-es","9":"product_cat-rostro-","11":"first","12":"instock","13":"shipping-taxable","14":"purchasable","15":"product-type-simple"},"aioseo_notices":[],"_links":{"self":[{"href":"https:\/\/phytocode.es\/es\/wp-json\/wp\/v2\/product\/2232","targetHints":{"allow":["GET"]}}],"collection":[{"href":"https:\/\/phytocode.es\/es\/wp-json\/wp\/v2\/product"}],"about":[{"href":"https:\/\/phytocode.es\/es\/wp-json\/wp\/v2\/types\/product"}],"wp:featuredmedia":[{"embeddable":true,"href":"https:\/\/phytocode.es\/es\/wp-json\/wp\/v2\/media\/1826"}],"wp:attachment":[{"href":"https:\/\/phytocode.es\/es\/wp-json\/wp\/v2\/media?parent=2232"}],"wp:term":[{"taxonomy":"product_brand","embeddable":true,"href":"https:\/\/phytocode.es\/es\/wp-json\/wp\/v2\/product_brand?post=2232"},{"taxonomy":"product_cat","embeddable":true,"href":"https:\/\/phytocode.es\/es\/wp-json\/wp\/v2\/product_cat?post=2232"},{"taxonomy":"product_tag","embeddable":true,"href":"https:\/\/phytocode.es\/es\/wp-json\/wp\/v2\/product_tag?post=2232"}],"curies":[{"name":"wp","href":"https:\/\/api.w.org\/{rel}","templated":true}]}}