{"id":2233,"date":"2022-05-04T14:26:24","date_gmt":"2022-05-04T14:26:24","guid":{"rendered":"https:\/\/phytocode.eu\/product\/%d0%bf%d0%be%d1%87%d0%b8%d1%81%d1%82%d0%b2%d0%b0%d1%89-%d0%b8-%d0%be%d0%b2%d0%bb%d0%b0%d0%b6%d0%bd%d1%8f%d0%b2%d0%b0%d1%89-%d1%82%d0%be%d0%bd%d0%b5%d1%80\/"},"modified":"2025-04-07T18:13:12","modified_gmt":"2025-04-07T18:13:12","slug":"%d0%bf%d0%be%d1%87%d0%b8%d1%81%d1%82%d0%b2%d0%b0%d1%89-%d0%b8-%d0%be%d0%b2%d0%bb%d0%b0%d0%b6%d0%bd%d1%8f%d0%b2%d0%b0%d1%89-%d1%82%d0%be%d0%bd%d0%b5%d1%80","status":"publish","type":"product","link":"https:\/\/phytocode.es\/es\/producto\/%d0%bf%d0%be%d1%87%d0%b8%d1%81%d1%82%d0%b2%d0%b0%d1%89-%d0%b8-%d0%be%d0%b2%d0%bb%d0%b0%d0%b6%d0%bd%d1%8f%d0%b2%d0%b0%d1%89-%d1%82%d0%be%d0%bd%d0%b5%d1%80\/","title":{"rendered":"T\u00f3nico limpiador e hidratante"},"content":{"rendered":"<p><strong>100ml. \u212e 3.38 fl.oz<\/strong><\/p>\n<p><strong>T\u00f3nico limpiador e hidratante<\/strong><\/p>\n<p class=\"\" data-start=\"0\" data-end=\"469\">Elimina los restos de contaminaci\u00f3n y prepara la piel para los productos posteriores. Hidrata, tonifica y equilibra el pH de la piel. El \u00e1cido l\u00e1ctico en la f\u00f3rmula proporciona un ligero efecto exfoliante, mientras que el complejo de \u00e1cido hialur\u00f3nico aporta hidrataci\u00f3n en profundidad. El PDRN de salm\u00f3n acelera la regeneraci\u00f3n de la piel y unifica el tono. El extracto de algas mejora la textura de la piel y rebalancea el microbioma para una piel suave y delicada.<\/p>\n<p class=\"\" data-start=\"471\" data-end=\"596\"><strong data-start=\"471\" data-end=\"487\">Modo de uso:<\/strong> Aplique sobre el rostro y el cuello con un algod\u00f3n por la ma\u00f1ana y por la noche, antes del s\u00e9rum y la crema.<\/p>\n","protected":false},"excerpt":{"rendered":"<div class=\"flex max-w-full flex-col flex-grow\">\n<div class=\"min-h-8 text-message relative flex w-full flex-col items-end gap-2 whitespace-normal break-words text-start [.text-message+&amp;]:mt-5\" dir=\"auto\" data-message-author-role=\"assistant\" data-message-id=\"99162170-e910-4cc6-b7b8-8d1429a0c572\" data-message-model-slug=\"gpt-4o-mini\">\n<div class=\"flex w-full flex-col gap-1 empty:hidden first:pt-[3px]\">\n<div class=\"markdown prose w-full break-words dark:prose-invert dark\">\n<p class=\"\" data-start=\"0\" data-end=\"87\"><strong>Elimina los restos de contaminaci\u00f3n y prepara la piel para los productos posteriores<\/strong>.<\/p>\n<ul data-start=\"89\" data-end=\"408\" data-is-last-node=\"\" data-is-only-node=\"\">\n<li class=\"\" data-start=\"89\" data-end=\"161\">\n<p class=\"\" data-start=\"91\" data-end=\"161\">Elimina suavemente los \u00faltimos rastros de contaminaci\u00f3n y maquillaje<\/p>\n<\/li>\n<li class=\"\" data-start=\"162\" data-end=\"184\">\n<p class=\"\" data-start=\"164\" data-end=\"184\">Tonifica e hidrata<\/p>\n<\/li>\n<li class=\"\" data-start=\"185\" data-end=\"240\">\n<p class=\"\" data-start=\"187\" data-end=\"240\">Refresca y prepara la piel para el s\u00e9rum o la crema<\/p>\n<\/li>\n<li class=\"\" data-start=\"241\" data-end=\"292\">\n<p class=\"\" data-start=\"243\" data-end=\"292\">Equilibra el pH y apoya un microbioma saludable<\/p>\n<\/li>\n<li class=\"\" data-start=\"293\" data-end=\"325\">\n<p class=\"\" data-start=\"295\" data-end=\"325\">Efecto ligero de exfoliaci\u00f3n<\/p>\n<\/li>\n<li class=\"\" data-start=\"326\" data-end=\"408\">\n<p class=\"\" data-start=\"328\" data-end=\"408\">Adecuado para todo el rostro, incluida la zona del contorno de ojos, y el cuello<\/p>\n<\/li>\n<\/ul>\n<\/div>\n<\/div>\n<\/div>\n<\/div>\n<div class=\"flex justify-start\"><\/div>\n","protected":false},"featured_media":1855,"template":"","meta":{"om_disable_all_campaigns":false,"inline_featured_image":false,"_monsterinsights_skip_tracking":false,"_monsterinsights_sitenote_active":false,"_monsterinsights_sitenote_note":"","_monsterinsights_sitenote_category":0},"product_brand":[],"product_cat":[126,121],"product_tag":[],"class_list":{"0":"post-2233","1":"product","2":"type-product","3":"status-publish","4":"has-post-thumbnail","6":"product_cat-rostro-","7":"product_cat--es","9":"first","10":"instock","11":"shipping-taxable","12":"purchasable","13":"product-type-simple"},"aioseo_notices":[],"_links":{"self":[{"href":"https:\/\/phytocode.es\/es\/wp-json\/wp\/v2\/product\/2233","targetHints":{"allow":["GET"]}}],"collection":[{"href":"https:\/\/phytocode.es\/es\/wp-json\/wp\/v2\/product"}],"about":[{"href":"https:\/\/phytocode.es\/es\/wp-json\/wp\/v2\/types\/product"}],"wp:featuredmedia":[{"embeddable":true,"href":"https:\/\/phytocode.es\/es\/wp-json\/wp\/v2\/media\/1855"}],"wp:attachment":[{"href":"https:\/\/phytocode.es\/es\/wp-json\/wp\/v2\/media?parent=2233"}],"wp:term":[{"taxonomy":"product_brand","embeddable":true,"href":"https:\/\/phytocode.es\/es\/wp-json\/wp\/v2\/product_brand?post=2233"},{"taxonomy":"product_cat","embeddable":true,"href":"https:\/\/phytocode.es\/es\/wp-json\/wp\/v2\/product_cat?post=2233"},{"taxonomy":"product_tag","embeddable":true,"href":"https:\/\/phytocode.es\/es\/wp-json\/wp\/v2\/product_tag?post=2233"}],"curies":[{"name":"wp","href":"https:\/\/api.w.org\/{rel}","templated":true}]}}